{"id":80,"date":"2024-10-08T21:14:40","date_gmt":"2024-10-08T19:14:40","guid":{"rendered":"https:\/\/www.ezigaretteratgeber.de\/?page_id=80"},"modified":"2024-11-26T11:46:11","modified_gmt":"2024-11-26T10:46:11","slug":"kontakt-ezigaretteratgeber","status":"publish","type":"page","link":"https:\/\/www.ezigaretteratgeber.de\/index.php\/kontakt-ezigaretteratgeber\/","title":{"rendered":"Kontakt"},"content":{"rendered":"\n<p>Du hast Fragen, Anregungen oder ben\u00f6tigst Unterst\u00fctzung zu E-Zigaretten und verwandten Themen? Wir sind gerne f\u00fcr dich da!<\/p>\n\n\n","protected":false},"excerpt":{"rendered":"<p>Du hast Fragen, Anregungen oder ben\u00f6tigst Unterst\u00fctzung zu E-Zigaretten und verwandten Themen? Wir sind gerne f\u00fcr dich da!<\/p>\n","protected":false},"author":3,"featured_media":0,"parent":0,"menu_order":0,"comment_status":"closed","ping_status":"closed","template":"","meta":{"footnotes":""},"class_list":["post-80","page","type-page","status-publish","hentry"],"_wp_attachment_metadata":null,"_wp_attachment_image_alt":null,"_yoast_wpseo_wordproof_timestamp":null,"yoast-structured-data-blocks-images-cache":null,"_yoast_wpseo_primary_category":null,"bloglo_disable_header":"","bloglo_disable_page_title":"","bloglo_disable_breadcrumbs":"","_yoast_wpseo_focuskw":"Kontakt E-Zigaretten Ratgeber","_yoast_wpseo_metadesc":"Kontaktiere uns bei Fragen zu E-Zigaretten. Beratung, Support und schnelle Hilfe f\u00fcr alle Dampfer-Themen.","_yoast_wpseo_linkdex":"30","_yoast_wpseo_content_score":"90","_yoast_wpseo_estimated-reading-time-minutes":"1","_yoast_wpseo_title":"Kontakt | E-Zigaretten Ratgeber \u2013 Beratung & Support","yoast_head":"<!-- This site is optimized with the Yoast SEO plugin v27.4 - https:\/\/yoast.com\/product\/yoast-seo-wordpress\/ -->\n<title>Kontakt | E-Zigaretten Ratgeber \u2013 Beratung &amp; Support<\/title>\n<meta name=\"description\" content=\"Kontaktiere uns bei Fragen zu E-Zigaretten. Beratung, Support und schnelle Hilfe f\u00fcr alle Dampfer-Themen.\" \/>\n<meta name=\"robots\" content=\"index, follow, max-snippet:-1, max-image-preview:large, max-video-preview:-1\" \/>\n<link rel=\"canonical\" href=\"https:\/\/www.ezigaretteratgeber.de\/index.php\/kontakt-ezigaretteratgeber\/\" \/>\n<meta property=\"og:locale\" content=\"de_DE\" \/>\n<meta property=\"og:type\" content=\"article\" \/>\n<meta property=\"og:title\" content=\"Kontakt | E-Zigaretten Ratgeber \u2013 Beratung &amp; Support\" \/>\n<meta property=\"og:description\" content=\"Kontaktiere uns bei Fragen zu E-Zigaretten. Beratung, Support und schnelle Hilfe f\u00fcr alle Dampfer-Themen.\" \/>\n<meta property=\"og:url\" content=\"https:\/\/www.ezigaretteratgeber.de\/index.php\/kontakt-ezigaretteratgeber\/\" \/>\n<meta property=\"og:site_name\" content=\"E-Zigaretten Ratgeber\" \/>\n<meta property=\"article:modified_time\" content=\"2024-11-26T10:46:11+00:00\" \/>\n<meta name=\"twitter:card\" content=\"summary_large_image\" \/>\n<meta name=\"twitter:label1\" content=\"Gesch\u00e4tzte Lesezeit\" \/>\n\t<meta name=\"twitter:data1\" content=\"1\u00a0Minute\" \/>\n<script type=\"application\/ld+json\" class=\"yoast-schema-graph\">{\"@context\":\"https:\\\/\\\/schema.org\",\"@graph\":[{\"@type\":\"WebPage\",\"@id\":\"https:\\\/\\\/www.ezigaretteratgeber.de\\\/index.php\\\/kontakt-ezigaretteratgeber\\\/\",\"url\":\"https:\\\/\\\/www.ezigaretteratgeber.de\\\/index.php\\\/kontakt-ezigaretteratgeber\\\/\",\"name\":\"Kontakt | E-Zigaretten Ratgeber \u2013 Beratung & Support\",\"isPartOf\":{\"@id\":\"https:\\\/\\\/www.ezigaretteratgeber.de\\\/#website\"},\"datePublished\":\"2024-10-08T19:14:40+00:00\",\"dateModified\":\"2024-11-26T10:46:11+00:00\",\"description\":\"Kontaktiere uns bei Fragen zu E-Zigaretten. Beratung, Support und schnelle Hilfe f\u00fcr alle Dampfer-Themen.\",\"breadcrumb\":{\"@id\":\"https:\\\/\\\/www.ezigaretteratgeber.de\\\/index.php\\\/kontakt-ezigaretteratgeber\\\/#breadcrumb\"},\"inLanguage\":\"de\",\"potentialAction\":[{\"@type\":\"ReadAction\",\"target\":[\"https:\\\/\\\/www.ezigaretteratgeber.de\\\/index.php\\\/kontakt-ezigaretteratgeber\\\/\"]}]},{\"@type\":\"BreadcrumbList\",\"@id\":\"https:\\\/\\\/www.ezigaretteratgeber.de\\\/index.php\\\/kontakt-ezigaretteratgeber\\\/#breadcrumb\",\"itemListElement\":[{\"@type\":\"ListItem\",\"position\":1,\"name\":\"Startseite\",\"item\":\"https:\\\/\\\/www.ezigaretteratgeber.de\\\/\"},{\"@type\":\"ListItem\",\"position\":2,\"name\":\"Kontakt\"}]},{\"@type\":\"WebSite\",\"@id\":\"https:\\\/\\\/www.ezigaretteratgeber.de\\\/#website\",\"url\":\"https:\\\/\\\/www.ezigaretteratgeber.de\\\/\",\"name\":\"E-Zigaretten Ratgeber\",\"description\":\"Ihr umfassender Leitfaden zu E-Zigaretten, Verdampfern und Liquids\",\"publisher\":{\"@id\":\"https:\\\/\\\/www.ezigaretteratgeber.de\\\/#organization\"},\"potentialAction\":[{\"@type\":\"SearchAction\",\"target\":{\"@type\":\"EntryPoint\",\"urlTemplate\":\"https:\\\/\\\/www.ezigaretteratgeber.de\\\/?s={search_term_string}\"},\"query-input\":{\"@type\":\"PropertyValueSpecification\",\"valueRequired\":true,\"valueName\":\"search_term_string\"}}],\"inLanguage\":\"de\"},{\"@type\":\"Organization\",\"@id\":\"https:\\\/\\\/www.ezigaretteratgeber.de\\\/#organization\",\"name\":\"E-Zigaretten Ratgeber\",\"url\":\"https:\\\/\\\/www.ezigaretteratgeber.de\\\/\",\"logo\":{\"@type\":\"ImageObject\",\"inLanguage\":\"de\",\"@id\":\"https:\\\/\\\/www.ezigaretteratgeber.de\\\/#\\\/schema\\\/logo\\\/image\\\/\",\"url\":\"https:\\\/\\\/www.ezigaretteratgeber.de\\\/wp-content\\\/uploads\\\/2024\\\/07\\\/E-ZIGARETTE-RATGEBER-LOGO-1500x500-2.png\",\"contentUrl\":\"https:\\\/\\\/www.ezigaretteratgeber.de\\\/wp-content\\\/uploads\\\/2024\\\/07\\\/E-ZIGARETTE-RATGEBER-LOGO-1500x500-2.png\",\"width\":1500,\"height\":500,\"caption\":\"E-Zigaretten Ratgeber\"},\"image\":{\"@id\":\"https:\\\/\\\/www.ezigaretteratgeber.de\\\/#\\\/schema\\\/logo\\\/image\\\/\"}}]}<\/script>\n<!-- \/ Yoast SEO plugin. -->","yoast_head_json":{"title":"Kontakt | E-Zigaretten Ratgeber \u2013 Beratung & Support","description":"Kontaktiere uns bei Fragen zu E-Zigaretten. Beratung, Support und schnelle Hilfe f\u00fcr alle Dampfer-Themen.","robots":{"index":"index","follow":"follow","max-snippet":"max-snippet:-1","max-image-preview":"max-image-preview:large","max-video-preview":"max-video-preview:-1"},"canonical":"https:\/\/www.ezigaretteratgeber.de\/index.php\/kontakt-ezigaretteratgeber\/","og_locale":"de_DE","og_type":"article","og_title":"Kontakt | E-Zigaretten Ratgeber \u2013 Beratung & Support","og_description":"Kontaktiere uns bei Fragen zu E-Zigaretten. Beratung, Support und schnelle Hilfe f\u00fcr alle Dampfer-Themen.","og_url":"https:\/\/www.ezigaretteratgeber.de\/index.php\/kontakt-ezigaretteratgeber\/","og_site_name":"E-Zigaretten Ratgeber","article_modified_time":"2024-11-26T10:46:11+00:00","twitter_card":"summary_large_image","twitter_misc":{"Gesch\u00e4tzte Lesezeit":"1\u00a0Minute"},"schema":{"@context":"https:\/\/schema.org","@graph":[{"@type":"WebPage","@id":"https:\/\/www.ezigaretteratgeber.de\/index.php\/kontakt-ezigaretteratgeber\/","url":"https:\/\/www.ezigaretteratgeber.de\/index.php\/kontakt-ezigaretteratgeber\/","name":"Kontakt | E-Zigaretten Ratgeber \u2013 Beratung & Support","isPartOf":{"@id":"https:\/\/www.ezigaretteratgeber.de\/#website"},"datePublished":"2024-10-08T19:14:40+00:00","dateModified":"2024-11-26T10:46:11+00:00","description":"Kontaktiere uns bei Fragen zu E-Zigaretten. Beratung, Support und schnelle Hilfe f\u00fcr alle Dampfer-Themen.","breadcrumb":{"@id":"https:\/\/www.ezigaretteratgeber.de\/index.php\/kontakt-ezigaretteratgeber\/#breadcrumb"},"inLanguage":"de","potentialAction":[{"@type":"ReadAction","target":["https:\/\/www.ezigaretteratgeber.de\/index.php\/kontakt-ezigaretteratgeber\/"]}]},{"@type":"BreadcrumbList","@id":"https:\/\/www.ezigaretteratgeber.de\/index.php\/kontakt-ezigaretteratgeber\/#breadcrumb","itemListElement":[{"@type":"ListItem","position":1,"name":"Startseite","item":"https:\/\/www.ezigaretteratgeber.de\/"},{"@type":"ListItem","position":2,"name":"Kontakt"}]},{"@type":"WebSite","@id":"https:\/\/www.ezigaretteratgeber.de\/#website","url":"https:\/\/www.ezigaretteratgeber.de\/","name":"E-Zigaretten Ratgeber","description":"Ihr umfassender Leitfaden zu E-Zigaretten, Verdampfern und Liquids","publisher":{"@id":"https:\/\/www.ezigaretteratgeber.de\/#organization"},"potentialAction":[{"@type":"SearchAction","target":{"@type":"EntryPoint","urlTemplate":"https:\/\/www.ezigaretteratgeber.de\/?s={search_term_string}"},"query-input":{"@type":"PropertyValueSpecification","valueRequired":true,"valueName":"search_term_string"}}],"inLanguage":"de"},{"@type":"Organization","@id":"https:\/\/www.ezigaretteratgeber.de\/#organization","name":"E-Zigaretten Ratgeber","url":"https:\/\/www.ezigaretteratgeber.de\/","logo":{"@type":"ImageObject","inLanguage":"de","@id":"https:\/\/www.ezigaretteratgeber.de\/#\/schema\/logo\/image\/","url":"https:\/\/www.ezigaretteratgeber.de\/wp-content\/uploads\/2024\/07\/E-ZIGARETTE-RATGEBER-LOGO-1500x500-2.png","contentUrl":"https:\/\/www.ezigaretteratgeber.de\/wp-content\/uploads\/2024\/07\/E-ZIGARETTE-RATGEBER-LOGO-1500x500-2.png","width":1500,"height":500,"caption":"E-Zigaretten Ratgeber"},"image":{"@id":"https:\/\/www.ezigaretteratgeber.de\/#\/schema\/logo\/image\/"}}]}},"_links":{"self":[{"href":"https:\/\/www.ezigaretteratgeber.de\/index.php\/wp-json\/wp\/v2\/pages\/80","targetHints":{"allow":["GET"]}}],"collection":[{"href":"https:\/\/www.ezigaretteratgeber.de\/index.php\/wp-json\/wp\/v2\/pages"}],"about":[{"href":"https:\/\/www.ezigaretteratgeber.de\/index.php\/wp-json\/wp\/v2\/types\/page"}],"author":[{"embeddable":true,"href":"https:\/\/www.ezigaretteratgeber.de\/index.php\/wp-json\/wp\/v2\/users\/3"}],"replies":[{"embeddable":true,"href":"https:\/\/www.ezigaretteratgeber.de\/index.php\/wp-json\/wp\/v2\/comments?post=80"}],"version-history":[{"count":5,"href":"https:\/\/www.ezigaretteratgeber.de\/index.php\/wp-json\/wp\/v2\/pages\/80\/revisions"}],"predecessor-version":[{"id":122,"href":"https:\/\/www.ezigaretteratgeber.de\/index.php\/wp-json\/wp\/v2\/pages\/80\/revisions\/122"}],"wp:attachment":[{"href":"https:\/\/www.ezigaretteratgeber.de\/index.php\/wp-json\/wp\/v2\/media?parent=80"}],"curies":[{"name":"wp","href":"https:\/\/api.w.org\/{rel}","templated":true}]}}