{"id":58,"date":"2024-08-21T10:18:34","date_gmt":"2024-08-21T08:18:34","guid":{"rendered":"https:\/\/www.ezigaretteratgeber.de\/?page_id=58"},"modified":"2024-08-21T10:18:34","modified_gmt":"2024-08-21T08:18:34","slug":"e-zigaretten-einsteiger-tipps-anleitungen-kaufberatung-ezigaretteratgeber-de","status":"publish","type":"page","link":"https:\/\/www.ezigaretteratgeber.de\/index.php\/e-zigaretten-einsteiger-tipps-anleitungen-kaufberatung-ezigaretteratgeber-de\/","title":{"rendered":"E-Zigaretten Einsteiger"},"content":{"rendered":"\n<p>Die \u201eE-Zigaretten Einsteiger\u201c-Seite auf Ezigaretteratgeber.de ist deine erste Anlaufstelle, wenn du neu in die Welt der E-Zigaretten eintauchst. Hier erf\u00e4hrst du alles, was du als Anf\u00e4nger wissen musst: Von den Grundlagen der E-Zigarette \u00fcber die Auswahl des richtigen Ger\u00e4ts bis hin zu hilfreichen Tipps f\u00fcr den Einstieg ins Dampfen. Unsere Anleitungen und Kaufempfehlungen helfen dir, informierte Entscheidungen zu treffen und sicher in dein neues Dampferlebnis zu starten.<\/p>\n","protected":false},"excerpt":{"rendered":"<p>Die \u201eE-Zigaretten Einsteiger\u201c-Seite auf Ezigaretteratgeber.de ist deine erste Anlaufstelle, wenn du neu in die Welt der E-Zigaretten eintauchst. Hier erf\u00e4hrst du alles, was du als Anf\u00e4nger wissen musst: Von den&hellip;<\/p>\n","protected":false},"author":3,"featured_media":0,"parent":0,"menu_order":0,"comment_status":"closed","ping_status":"closed","template":"","meta":{"footnotes":""},"class_list":["post-58","page","type-page","status-publish","hentry"],"_wp_attachment_metadata":null,"_wp_attachment_image_alt":null,"_yoast_wpseo_wordproof_timestamp":null,"yoast-structured-data-blocks-images-cache":null,"_yoast_wpseo_primary_category":null,"bloglo_disable_header":"","bloglo_disable_page_title":"","bloglo_disable_breadcrumbs":"","_yoast_wpseo_focuskw":"E-Zigaretten Einsteiger","_yoast_wpseo_metadesc":"Alles f\u00fcr E-Zigaretten Einsteiger: Entdecke Grundlagen, Tipps und Anleitungen f\u00fcr den Einstieg ins Dampfen. Finde die richtige E-Zigarette und starte sicher in dein Dampferlebnis auf Ezigaretteratgeber.de.","_yoast_wpseo_linkdex":"43","_yoast_wpseo_content_score":"90","_yoast_wpseo_estimated-reading-time-minutes":"1","_yoast_wpseo_title":null,"yoast_head":"<!-- This site is optimized with the Yoast SEO plugin v27.4 - https:\/\/yoast.com\/product\/yoast-seo-wordpress\/ -->\n<title>E-Zigaretten Einsteiger - E-Zigaretten Ratgeber<\/title>\n<meta name=\"description\" content=\"Alles f\u00fcr E-Zigaretten Einsteiger: Entdecke Grundlagen, Tipps und Anleitungen f\u00fcr den Einstieg ins Dampfen. Finde die richtige E-Zigarette und starte sicher in dein Dampferlebnis auf Ezigaretteratgeber.de.\" \/>\n<meta name=\"robots\" content=\"index, follow, max-snippet:-1, max-image-preview:large, max-video-preview:-1\" \/>\n<link rel=\"canonical\" href=\"https:\/\/www.ezigaretteratgeber.de\/index.php\/e-zigaretten-einsteiger-tipps-anleitungen-kaufberatung-ezigaretteratgeber-de\/\" \/>\n<meta property=\"og:locale\" content=\"de_DE\" \/>\n<meta property=\"og:type\" content=\"article\" \/>\n<meta property=\"og:title\" content=\"E-Zigaretten Einsteiger - E-Zigaretten Ratgeber\" \/>\n<meta property=\"og:description\" content=\"Alles f\u00fcr E-Zigaretten Einsteiger: Entdecke Grundlagen, Tipps und Anleitungen f\u00fcr den Einstieg ins Dampfen. Finde die richtige E-Zigarette und starte sicher in dein Dampferlebnis auf Ezigaretteratgeber.de.\" \/>\n<meta property=\"og:url\" content=\"https:\/\/www.ezigaretteratgeber.de\/index.php\/e-zigaretten-einsteiger-tipps-anleitungen-kaufberatung-ezigaretteratgeber-de\/\" \/>\n<meta property=\"og:site_name\" content=\"E-Zigaretten Ratgeber\" \/>\n<meta name=\"twitter:card\" content=\"summary_large_image\" \/>\n<meta name=\"twitter:label1\" content=\"Gesch\u00e4tzte Lesezeit\" \/>\n\t<meta name=\"twitter:data1\" content=\"1\u00a0Minute\" \/>\n<script type=\"application\/ld+json\" class=\"yoast-schema-graph\">{\"@context\":\"https:\\\/\\\/schema.org\",\"@graph\":[{\"@type\":\"WebPage\",\"@id\":\"https:\\\/\\\/www.ezigaretteratgeber.de\\\/index.php\\\/e-zigaretten-einsteiger-tipps-anleitungen-kaufberatung-ezigaretteratgeber-de\\\/\",\"url\":\"https:\\\/\\\/www.ezigaretteratgeber.de\\\/index.php\\\/e-zigaretten-einsteiger-tipps-anleitungen-kaufberatung-ezigaretteratgeber-de\\\/\",\"name\":\"E-Zigaretten Einsteiger - E-Zigaretten Ratgeber\",\"isPartOf\":{\"@id\":\"https:\\\/\\\/www.ezigaretteratgeber.de\\\/#website\"},\"datePublished\":\"2024-08-21T08:18:34+00:00\",\"description\":\"Alles f\u00fcr E-Zigaretten Einsteiger: Entdecke Grundlagen, Tipps und Anleitungen f\u00fcr den Einstieg ins Dampfen. Finde die richtige E-Zigarette und starte sicher in dein Dampferlebnis auf Ezigaretteratgeber.de.\",\"breadcrumb\":{\"@id\":\"https:\\\/\\\/www.ezigaretteratgeber.de\\\/index.php\\\/e-zigaretten-einsteiger-tipps-anleitungen-kaufberatung-ezigaretteratgeber-de\\\/#breadcrumb\"},\"inLanguage\":\"de\",\"potentialAction\":[{\"@type\":\"ReadAction\",\"target\":[\"https:\\\/\\\/www.ezigaretteratgeber.de\\\/index.php\\\/e-zigaretten-einsteiger-tipps-anleitungen-kaufberatung-ezigaretteratgeber-de\\\/\"]}]},{\"@type\":\"BreadcrumbList\",\"@id\":\"https:\\\/\\\/www.ezigaretteratgeber.de\\\/index.php\\\/e-zigaretten-einsteiger-tipps-anleitungen-kaufberatung-ezigaretteratgeber-de\\\/#breadcrumb\",\"itemListElement\":[{\"@type\":\"ListItem\",\"position\":1,\"name\":\"Startseite\",\"item\":\"https:\\\/\\\/www.ezigaretteratgeber.de\\\/\"},{\"@type\":\"ListItem\",\"position\":2,\"name\":\"E-Zigaretten Einsteiger\"}]},{\"@type\":\"WebSite\",\"@id\":\"https:\\\/\\\/www.ezigaretteratgeber.de\\\/#website\",\"url\":\"https:\\\/\\\/www.ezigaretteratgeber.de\\\/\",\"name\":\"E-Zigaretten Ratgeber\",\"description\":\"Ihr umfassender Leitfaden zu E-Zigaretten, Verdampfern und Liquids\",\"publisher\":{\"@id\":\"https:\\\/\\\/www.ezigaretteratgeber.de\\\/#organization\"},\"potentialAction\":[{\"@type\":\"SearchAction\",\"target\":{\"@type\":\"EntryPoint\",\"urlTemplate\":\"https:\\\/\\\/www.ezigaretteratgeber.de\\\/?s={search_term_string}\"},\"query-input\":{\"@type\":\"PropertyValueSpecification\",\"valueRequired\":true,\"valueName\":\"search_term_string\"}}],\"inLanguage\":\"de\"},{\"@type\":\"Organization\",\"@id\":\"https:\\\/\\\/www.ezigaretteratgeber.de\\\/#organization\",\"name\":\"E-Zigaretten Ratgeber\",\"url\":\"https:\\\/\\\/www.ezigaretteratgeber.de\\\/\",\"logo\":{\"@type\":\"ImageObject\",\"inLanguage\":\"de\",\"@id\":\"https:\\\/\\\/www.ezigaretteratgeber.de\\\/#\\\/schema\\\/logo\\\/image\\\/\",\"url\":\"https:\\\/\\\/www.ezigaretteratgeber.de\\\/wp-content\\\/uploads\\\/2024\\\/07\\\/E-ZIGARETTE-RATGEBER-LOGO-1500x500-2.png\",\"contentUrl\":\"https:\\\/\\\/www.ezigaretteratgeber.de\\\/wp-content\\\/uploads\\\/2024\\\/07\\\/E-ZIGARETTE-RATGEBER-LOGO-1500x500-2.png\",\"width\":1500,\"height\":500,\"caption\":\"E-Zigaretten Ratgeber\"},\"image\":{\"@id\":\"https:\\\/\\\/www.ezigaretteratgeber.de\\\/#\\\/schema\\\/logo\\\/image\\\/\"}}]}<\/script>\n<!-- \/ Yoast SEO plugin. -->","yoast_head_json":{"title":"E-Zigaretten Einsteiger - E-Zigaretten Ratgeber","description":"Alles f\u00fcr E-Zigaretten Einsteiger: Entdecke Grundlagen, Tipps und Anleitungen f\u00fcr den Einstieg ins Dampfen. Finde die richtige E-Zigarette und starte sicher in dein Dampferlebnis auf Ezigaretteratgeber.de.","robots":{"index":"index","follow":"follow","max-snippet":"max-snippet:-1","max-image-preview":"max-image-preview:large","max-video-preview":"max-video-preview:-1"},"canonical":"https:\/\/www.ezigaretteratgeber.de\/index.php\/e-zigaretten-einsteiger-tipps-anleitungen-kaufberatung-ezigaretteratgeber-de\/","og_locale":"de_DE","og_type":"article","og_title":"E-Zigaretten Einsteiger - E-Zigaretten Ratgeber","og_description":"Alles f\u00fcr E-Zigaretten Einsteiger: Entdecke Grundlagen, Tipps und Anleitungen f\u00fcr den Einstieg ins Dampfen. Finde die richtige E-Zigarette und starte sicher in dein Dampferlebnis auf Ezigaretteratgeber.de.","og_url":"https:\/\/www.ezigaretteratgeber.de\/index.php\/e-zigaretten-einsteiger-tipps-anleitungen-kaufberatung-ezigaretteratgeber-de\/","og_site_name":"E-Zigaretten Ratgeber","twitter_card":"summary_large_image","twitter_misc":{"Gesch\u00e4tzte Lesezeit":"1\u00a0Minute"},"schema":{"@context":"https:\/\/schema.org","@graph":[{"@type":"WebPage","@id":"https:\/\/www.ezigaretteratgeber.de\/index.php\/e-zigaretten-einsteiger-tipps-anleitungen-kaufberatung-ezigaretteratgeber-de\/","url":"https:\/\/www.ezigaretteratgeber.de\/index.php\/e-zigaretten-einsteiger-tipps-anleitungen-kaufberatung-ezigaretteratgeber-de\/","name":"E-Zigaretten Einsteiger - E-Zigaretten Ratgeber","isPartOf":{"@id":"https:\/\/www.ezigaretteratgeber.de\/#website"},"datePublished":"2024-08-21T08:18:34+00:00","description":"Alles f\u00fcr E-Zigaretten Einsteiger: Entdecke Grundlagen, Tipps und Anleitungen f\u00fcr den Einstieg ins Dampfen. Finde die richtige E-Zigarette und starte sicher in dein Dampferlebnis auf Ezigaretteratgeber.de.","breadcrumb":{"@id":"https:\/\/www.ezigaretteratgeber.de\/index.php\/e-zigaretten-einsteiger-tipps-anleitungen-kaufberatung-ezigaretteratgeber-de\/#breadcrumb"},"inLanguage":"de","potentialAction":[{"@type":"ReadAction","target":["https:\/\/www.ezigaretteratgeber.de\/index.php\/e-zigaretten-einsteiger-tipps-anleitungen-kaufberatung-ezigaretteratgeber-de\/"]}]},{"@type":"BreadcrumbList","@id":"https:\/\/www.ezigaretteratgeber.de\/index.php\/e-zigaretten-einsteiger-tipps-anleitungen-kaufberatung-ezigaretteratgeber-de\/#breadcrumb","itemListElement":[{"@type":"ListItem","position":1,"name":"Startseite","item":"https:\/\/www.ezigaretteratgeber.de\/"},{"@type":"ListItem","position":2,"name":"E-Zigaretten Einsteiger"}]},{"@type":"WebSite","@id":"https:\/\/www.ezigaretteratgeber.de\/#website","url":"https:\/\/www.ezigaretteratgeber.de\/","name":"E-Zigaretten Ratgeber","description":"Ihr umfassender Leitfaden zu E-Zigaretten, Verdampfern und Liquids","publisher":{"@id":"https:\/\/www.ezigaretteratgeber.de\/#organization"},"potentialAction":[{"@type":"SearchAction","target":{"@type":"EntryPoint","urlTemplate":"https:\/\/www.ezigaretteratgeber.de\/?s={search_term_string}"},"query-input":{"@type":"PropertyValueSpecification","valueRequired":true,"valueName":"search_term_string"}}],"inLanguage":"de"},{"@type":"Organization","@id":"https:\/\/www.ezigaretteratgeber.de\/#organization","name":"E-Zigaretten Ratgeber","url":"https:\/\/www.ezigaretteratgeber.de\/","logo":{"@type":"ImageObject","inLanguage":"de","@id":"https:\/\/www.ezigaretteratgeber.de\/#\/schema\/logo\/image\/","url":"https:\/\/www.ezigaretteratgeber.de\/wp-content\/uploads\/2024\/07\/E-ZIGARETTE-RATGEBER-LOGO-1500x500-2.png","contentUrl":"https:\/\/www.ezigaretteratgeber.de\/wp-content\/uploads\/2024\/07\/E-ZIGARETTE-RATGEBER-LOGO-1500x500-2.png","width":1500,"height":500,"caption":"E-Zigaretten Ratgeber"},"image":{"@id":"https:\/\/www.ezigaretteratgeber.de\/#\/schema\/logo\/image\/"}}]}},"_links":{"self":[{"href":"https:\/\/www.ezigaretteratgeber.de\/index.php\/wp-json\/wp\/v2\/pages\/58","targetHints":{"allow":["GET"]}}],"collection":[{"href":"https:\/\/www.ezigaretteratgeber.de\/index.php\/wp-json\/wp\/v2\/pages"}],"about":[{"href":"https:\/\/www.ezigaretteratgeber.de\/index.php\/wp-json\/wp\/v2\/types\/page"}],"author":[{"embeddable":true,"href":"https:\/\/www.ezigaretteratgeber.de\/index.php\/wp-json\/wp\/v2\/users\/3"}],"replies":[{"embeddable":true,"href":"https:\/\/www.ezigaretteratgeber.de\/index.php\/wp-json\/wp\/v2\/comments?post=58"}],"version-history":[{"count":1,"href":"https:\/\/www.ezigaretteratgeber.de\/index.php\/wp-json\/wp\/v2\/pages\/58\/revisions"}],"predecessor-version":[{"id":59,"href":"https:\/\/www.ezigaretteratgeber.de\/index.php\/wp-json\/wp\/v2\/pages\/58\/revisions\/59"}],"wp:attachment":[{"href":"https:\/\/www.ezigaretteratgeber.de\/index.php\/wp-json\/wp\/v2\/media?parent=58"}],"curies":[{"name":"wp","href":"https:\/\/api.w.org\/{rel}","templated":true}]}}