{"id":52,"date":"2024-08-21T10:00:44","date_gmt":"2024-08-21T08:00:44","guid":{"rendered":"https:\/\/www.ezigaretteratgeber.de\/?page_id=52"},"modified":"2024-08-21T10:10:49","modified_gmt":"2024-08-21T08:10:49","slug":"e-liquids-gesundheit-geschmacksrichtungen-nikotin-sicherheit-ezigaretteratgeber-de","status":"publish","type":"page","link":"https:\/\/www.ezigaretteratgeber.de\/index.php\/e-liquids-gesundheit-geschmacksrichtungen-nikotin-sicherheit-ezigaretteratgeber-de\/","title":{"rendered":"E-Liquids &amp; Gesundheit"},"content":{"rendered":"\n<p>Die \u201eE-Liquids &amp; Gesundheit\u201c-Seite auf Ezigaretteratgeber.de bietet dir umfassende Informationen zu E-Liquids, deren Zusammensetzung und gesundheitlichen Auswirkungen. Entdecke eine Vielzahl an Geschmacksrichtungen, erfahre alles \u00fcber die richtige Nikotinst\u00e4rke und finde heraus, wie du deine eigenen DIY E-Liquids herstellen kannst. Dar\u00fcber hinaus informieren wir dich \u00fcber die gesundheitlichen Aspekte des Dampfens, Sicherheitsrichtlinien und geben dir Tipps, wie du deine Dampferfahrung sicher und genussvoll gestalten kannst.<\/p>\n","protected":false},"excerpt":{"rendered":"<p>Die \u201eE-Liquids &amp; Gesundheit\u201c-Seite auf Ezigaretteratgeber.de bietet dir umfassende Informationen zu E-Liquids, deren Zusammensetzung und gesundheitlichen Auswirkungen. Entdecke eine Vielzahl an Geschmacksrichtungen, erfahre alles \u00fcber die richtige Nikotinst\u00e4rke und finde&hellip;<\/p>\n","protected":false},"author":3,"featured_media":0,"parent":0,"menu_order":0,"comment_status":"closed","ping_status":"closed","template":"","meta":{"footnotes":""},"class_list":["post-52","page","type-page","status-publish","hentry"],"_wp_attachment_metadata":null,"_wp_attachment_image_alt":null,"_yoast_wpseo_wordproof_timestamp":null,"yoast-structured-data-blocks-images-cache":null,"_yoast_wpseo_primary_category":null,"bloglo_disable_header":"","bloglo_disable_page_title":"","bloglo_disable_breadcrumbs":"","_yoast_wpseo_focuskw":"E-Liquids & Gesundheit","_yoast_wpseo_metadesc":"Alles \u00fcber E-Liquids & Gesundheit: Entdecke Geschmacksrichtungen, erfahre mehr \u00fcber Nikotinst\u00e4rken und DIY E-Liquids. Erhalte wichtige Infos zu gesundheitlichen Aspekten und Sicherheit beim Dampfen auf Ezigaretteratgeber.de.","_yoast_wpseo_linkdex":"43","_yoast_wpseo_content_score":"90","_yoast_wpseo_estimated-reading-time-minutes":"1","_yoast_wpseo_title":null,"yoast_head":"<!-- This site is optimized with the Yoast SEO plugin v27.4 - https:\/\/yoast.com\/product\/yoast-seo-wordpress\/ -->\n<title>E-Liquids &amp; Gesundheit - E-Zigaretten Ratgeber<\/title>\n<meta name=\"description\" content=\"Alles \u00fcber E-Liquids &amp; Gesundheit: Entdecke Geschmacksrichtungen, erfahre mehr \u00fcber Nikotinst\u00e4rken und DIY E-Liquids. Erhalte wichtige Infos zu gesundheitlichen Aspekten und Sicherheit beim Dampfen auf Ezigaretteratgeber.de.\" \/>\n<meta name=\"robots\" content=\"index, follow, max-snippet:-1, max-image-preview:large, max-video-preview:-1\" \/>\n<link rel=\"canonical\" href=\"https:\/\/www.ezigaretteratgeber.de\/index.php\/e-liquids-gesundheit-geschmacksrichtungen-nikotin-sicherheit-ezigaretteratgeber-de\/\" \/>\n<meta property=\"og:locale\" content=\"de_DE\" \/>\n<meta property=\"og:type\" content=\"article\" \/>\n<meta property=\"og:title\" content=\"E-Liquids &amp; Gesundheit - E-Zigaretten Ratgeber\" \/>\n<meta property=\"og:description\" content=\"Alles \u00fcber E-Liquids &amp; Gesundheit: Entdecke Geschmacksrichtungen, erfahre mehr \u00fcber Nikotinst\u00e4rken und DIY E-Liquids. Erhalte wichtige Infos zu gesundheitlichen Aspekten und Sicherheit beim Dampfen auf Ezigaretteratgeber.de.\" \/>\n<meta property=\"og:url\" content=\"https:\/\/www.ezigaretteratgeber.de\/index.php\/e-liquids-gesundheit-geschmacksrichtungen-nikotin-sicherheit-ezigaretteratgeber-de\/\" \/>\n<meta property=\"og:site_name\" content=\"E-Zigaretten Ratgeber\" \/>\n<meta property=\"article:modified_time\" content=\"2024-08-21T08:10:49+00:00\" \/>\n<meta name=\"twitter:card\" content=\"summary_large_image\" \/>\n<meta name=\"twitter:label1\" content=\"Gesch\u00e4tzte Lesezeit\" \/>\n\t<meta name=\"twitter:data1\" content=\"1\u00a0Minute\" \/>\n<script type=\"application\/ld+json\" class=\"yoast-schema-graph\">{\"@context\":\"https:\\\/\\\/schema.org\",\"@graph\":[{\"@type\":\"WebPage\",\"@id\":\"https:\\\/\\\/www.ezigaretteratgeber.de\\\/index.php\\\/e-liquids-gesundheit-geschmacksrichtungen-nikotin-sicherheit-ezigaretteratgeber-de\\\/\",\"url\":\"https:\\\/\\\/www.ezigaretteratgeber.de\\\/index.php\\\/e-liquids-gesundheit-geschmacksrichtungen-nikotin-sicherheit-ezigaretteratgeber-de\\\/\",\"name\":\"E-Liquids &amp; Gesundheit - E-Zigaretten Ratgeber\",\"isPartOf\":{\"@id\":\"https:\\\/\\\/www.ezigaretteratgeber.de\\\/#website\"},\"datePublished\":\"2024-08-21T08:00:44+00:00\",\"dateModified\":\"2024-08-21T08:10:49+00:00\",\"description\":\"Alles \u00fcber E-Liquids & Gesundheit: Entdecke Geschmacksrichtungen, erfahre mehr \u00fcber Nikotinst\u00e4rken und DIY E-Liquids. Erhalte wichtige Infos zu gesundheitlichen Aspekten und Sicherheit beim Dampfen auf Ezigaretteratgeber.de.\",\"breadcrumb\":{\"@id\":\"https:\\\/\\\/www.ezigaretteratgeber.de\\\/index.php\\\/e-liquids-gesundheit-geschmacksrichtungen-nikotin-sicherheit-ezigaretteratgeber-de\\\/#breadcrumb\"},\"inLanguage\":\"de\",\"potentialAction\":[{\"@type\":\"ReadAction\",\"target\":[\"https:\\\/\\\/www.ezigaretteratgeber.de\\\/index.php\\\/e-liquids-gesundheit-geschmacksrichtungen-nikotin-sicherheit-ezigaretteratgeber-de\\\/\"]}]},{\"@type\":\"BreadcrumbList\",\"@id\":\"https:\\\/\\\/www.ezigaretteratgeber.de\\\/index.php\\\/e-liquids-gesundheit-geschmacksrichtungen-nikotin-sicherheit-ezigaretteratgeber-de\\\/#breadcrumb\",\"itemListElement\":[{\"@type\":\"ListItem\",\"position\":1,\"name\":\"Startseite\",\"item\":\"https:\\\/\\\/www.ezigaretteratgeber.de\\\/\"},{\"@type\":\"ListItem\",\"position\":2,\"name\":\"E-Liquids &amp; Gesundheit\"}]},{\"@type\":\"WebSite\",\"@id\":\"https:\\\/\\\/www.ezigaretteratgeber.de\\\/#website\",\"url\":\"https:\\\/\\\/www.ezigaretteratgeber.de\\\/\",\"name\":\"E-Zigaretten Ratgeber\",\"description\":\"Ihr umfassender Leitfaden zu E-Zigaretten, Verdampfern und Liquids\",\"publisher\":{\"@id\":\"https:\\\/\\\/www.ezigaretteratgeber.de\\\/#organization\"},\"potentialAction\":[{\"@type\":\"SearchAction\",\"target\":{\"@type\":\"EntryPoint\",\"urlTemplate\":\"https:\\\/\\\/www.ezigaretteratgeber.de\\\/?s={search_term_string}\"},\"query-input\":{\"@type\":\"PropertyValueSpecification\",\"valueRequired\":true,\"valueName\":\"search_term_string\"}}],\"inLanguage\":\"de\"},{\"@type\":\"Organization\",\"@id\":\"https:\\\/\\\/www.ezigaretteratgeber.de\\\/#organization\",\"name\":\"E-Zigaretten Ratgeber\",\"url\":\"https:\\\/\\\/www.ezigaretteratgeber.de\\\/\",\"logo\":{\"@type\":\"ImageObject\",\"inLanguage\":\"de\",\"@id\":\"https:\\\/\\\/www.ezigaretteratgeber.de\\\/#\\\/schema\\\/logo\\\/image\\\/\",\"url\":\"https:\\\/\\\/www.ezigaretteratgeber.de\\\/wp-content\\\/uploads\\\/2024\\\/07\\\/E-ZIGARETTE-RATGEBER-LOGO-1500x500-2.png\",\"contentUrl\":\"https:\\\/\\\/www.ezigaretteratgeber.de\\\/wp-content\\\/uploads\\\/2024\\\/07\\\/E-ZIGARETTE-RATGEBER-LOGO-1500x500-2.png\",\"width\":1500,\"height\":500,\"caption\":\"E-Zigaretten Ratgeber\"},\"image\":{\"@id\":\"https:\\\/\\\/www.ezigaretteratgeber.de\\\/#\\\/schema\\\/logo\\\/image\\\/\"}}]}<\/script>\n<!-- \/ Yoast SEO plugin. -->","yoast_head_json":{"title":"E-Liquids &amp; Gesundheit - E-Zigaretten Ratgeber","description":"Alles \u00fcber E-Liquids & Gesundheit: Entdecke Geschmacksrichtungen, erfahre mehr \u00fcber Nikotinst\u00e4rken und DIY E-Liquids. Erhalte wichtige Infos zu gesundheitlichen Aspekten und Sicherheit beim Dampfen auf Ezigaretteratgeber.de.","robots":{"index":"index","follow":"follow","max-snippet":"max-snippet:-1","max-image-preview":"max-image-preview:large","max-video-preview":"max-video-preview:-1"},"canonical":"https:\/\/www.ezigaretteratgeber.de\/index.php\/e-liquids-gesundheit-geschmacksrichtungen-nikotin-sicherheit-ezigaretteratgeber-de\/","og_locale":"de_DE","og_type":"article","og_title":"E-Liquids &amp; Gesundheit - E-Zigaretten Ratgeber","og_description":"Alles \u00fcber E-Liquids & Gesundheit: Entdecke Geschmacksrichtungen, erfahre mehr \u00fcber Nikotinst\u00e4rken und DIY E-Liquids. Erhalte wichtige Infos zu gesundheitlichen Aspekten und Sicherheit beim Dampfen auf Ezigaretteratgeber.de.","og_url":"https:\/\/www.ezigaretteratgeber.de\/index.php\/e-liquids-gesundheit-geschmacksrichtungen-nikotin-sicherheit-ezigaretteratgeber-de\/","og_site_name":"E-Zigaretten Ratgeber","article_modified_time":"2024-08-21T08:10:49+00:00","twitter_card":"summary_large_image","twitter_misc":{"Gesch\u00e4tzte Lesezeit":"1\u00a0Minute"},"schema":{"@context":"https:\/\/schema.org","@graph":[{"@type":"WebPage","@id":"https:\/\/www.ezigaretteratgeber.de\/index.php\/e-liquids-gesundheit-geschmacksrichtungen-nikotin-sicherheit-ezigaretteratgeber-de\/","url":"https:\/\/www.ezigaretteratgeber.de\/index.php\/e-liquids-gesundheit-geschmacksrichtungen-nikotin-sicherheit-ezigaretteratgeber-de\/","name":"E-Liquids &amp; Gesundheit - E-Zigaretten Ratgeber","isPartOf":{"@id":"https:\/\/www.ezigaretteratgeber.de\/#website"},"datePublished":"2024-08-21T08:00:44+00:00","dateModified":"2024-08-21T08:10:49+00:00","description":"Alles \u00fcber E-Liquids & Gesundheit: Entdecke Geschmacksrichtungen, erfahre mehr \u00fcber Nikotinst\u00e4rken und DIY E-Liquids. Erhalte wichtige Infos zu gesundheitlichen Aspekten und Sicherheit beim Dampfen auf Ezigaretteratgeber.de.","breadcrumb":{"@id":"https:\/\/www.ezigaretteratgeber.de\/index.php\/e-liquids-gesundheit-geschmacksrichtungen-nikotin-sicherheit-ezigaretteratgeber-de\/#breadcrumb"},"inLanguage":"de","potentialAction":[{"@type":"ReadAction","target":["https:\/\/www.ezigaretteratgeber.de\/index.php\/e-liquids-gesundheit-geschmacksrichtungen-nikotin-sicherheit-ezigaretteratgeber-de\/"]}]},{"@type":"BreadcrumbList","@id":"https:\/\/www.ezigaretteratgeber.de\/index.php\/e-liquids-gesundheit-geschmacksrichtungen-nikotin-sicherheit-ezigaretteratgeber-de\/#breadcrumb","itemListElement":[{"@type":"ListItem","position":1,"name":"Startseite","item":"https:\/\/www.ezigaretteratgeber.de\/"},{"@type":"ListItem","position":2,"name":"E-Liquids &amp; Gesundheit"}]},{"@type":"WebSite","@id":"https:\/\/www.ezigaretteratgeber.de\/#website","url":"https:\/\/www.ezigaretteratgeber.de\/","name":"E-Zigaretten Ratgeber","description":"Ihr umfassender Leitfaden zu E-Zigaretten, Verdampfern und Liquids","publisher":{"@id":"https:\/\/www.ezigaretteratgeber.de\/#organization"},"potentialAction":[{"@type":"SearchAction","target":{"@type":"EntryPoint","urlTemplate":"https:\/\/www.ezigaretteratgeber.de\/?s={search_term_string}"},"query-input":{"@type":"PropertyValueSpecification","valueRequired":true,"valueName":"search_term_string"}}],"inLanguage":"de"},{"@type":"Organization","@id":"https:\/\/www.ezigaretteratgeber.de\/#organization","name":"E-Zigaretten Ratgeber","url":"https:\/\/www.ezigaretteratgeber.de\/","logo":{"@type":"ImageObject","inLanguage":"de","@id":"https:\/\/www.ezigaretteratgeber.de\/#\/schema\/logo\/image\/","url":"https:\/\/www.ezigaretteratgeber.de\/wp-content\/uploads\/2024\/07\/E-ZIGARETTE-RATGEBER-LOGO-1500x500-2.png","contentUrl":"https:\/\/www.ezigaretteratgeber.de\/wp-content\/uploads\/2024\/07\/E-ZIGARETTE-RATGEBER-LOGO-1500x500-2.png","width":1500,"height":500,"caption":"E-Zigaretten Ratgeber"},"image":{"@id":"https:\/\/www.ezigaretteratgeber.de\/#\/schema\/logo\/image\/"}}]}},"_links":{"self":[{"href":"https:\/\/www.ezigaretteratgeber.de\/index.php\/wp-json\/wp\/v2\/pages\/52","targetHints":{"allow":["GET"]}}],"collection":[{"href":"https:\/\/www.ezigaretteratgeber.de\/index.php\/wp-json\/wp\/v2\/pages"}],"about":[{"href":"https:\/\/www.ezigaretteratgeber.de\/index.php\/wp-json\/wp\/v2\/types\/page"}],"author":[{"embeddable":true,"href":"https:\/\/www.ezigaretteratgeber.de\/index.php\/wp-json\/wp\/v2\/users\/3"}],"replies":[{"embeddable":true,"href":"https:\/\/www.ezigaretteratgeber.de\/index.php\/wp-json\/wp\/v2\/comments?post=52"}],"version-history":[{"count":2,"href":"https:\/\/www.ezigaretteratgeber.de\/index.php\/wp-json\/wp\/v2\/pages\/52\/revisions"}],"predecessor-version":[{"id":57,"href":"https:\/\/www.ezigaretteratgeber.de\/index.php\/wp-json\/wp\/v2\/pages\/52\/revisions\/57"}],"wp:attachment":[{"href":"https:\/\/www.ezigaretteratgeber.de\/index.php\/wp-json\/wp\/v2\/media?parent=52"}],"curies":[{"name":"wp","href":"https:\/\/api.w.org\/{rel}","templated":true}]}}