{"id":50,"date":"2024-08-21T09:59:58","date_gmt":"2024-08-21T07:59:58","guid":{"rendered":"https:\/\/www.ezigaretteratgeber.de\/?page_id=50"},"modified":"2024-08-21T10:09:23","modified_gmt":"2024-08-21T08:09:23","slug":"e-zigaretten-zubehoer-geraete-verdampfer-akkus-mehr-ezigaretteratgeber-de","status":"publish","type":"page","link":"https:\/\/www.ezigaretteratgeber.de\/index.php\/e-zigaretten-zubehoer-geraete-verdampfer-akkus-mehr-ezigaretteratgeber-de\/","title":{"rendered":"E-Zigaretten &amp; Zubeh\u00f6r"},"content":{"rendered":"\n<p>Die \u201eE-Zigaretten &amp; Zubeh\u00f6r\u201c-Seite auf Ezigaretteratgeber.de bietet dir eine umfassende \u00dcbersicht \u00fcber die besten E-Zigaretten-Modelle und das passende Zubeh\u00f6r. Egal ob du auf der Suche nach einem neuen Verdampfer, leistungsstarken Akkus oder praktischen Ladeger\u00e4ten bist \u2013 hier findest du alles, was du f\u00fcr ein optimales Dampferlebnis ben\u00f6tigst. Unsere detaillierten Kaufberatungen, Vergleiche und Pflege-Tipps helfen dir, die richtigen Entscheidungen zu treffen und deine E-Zigarette in Top-Zustand zu halten.<\/p>\n","protected":false},"excerpt":{"rendered":"<p>Die \u201eE-Zigaretten &amp; Zubeh\u00f6r\u201c-Seite auf Ezigaretteratgeber.de bietet dir eine umfassende \u00dcbersicht \u00fcber die besten E-Zigaretten-Modelle und das passende Zubeh\u00f6r. Egal ob du auf der Suche nach einem neuen Verdampfer, leistungsstarken&hellip;<\/p>\n","protected":false},"author":3,"featured_media":0,"parent":0,"menu_order":0,"comment_status":"closed","ping_status":"closed","template":"","meta":{"footnotes":""},"class_list":["post-50","page","type-page","status-publish","hentry"],"_wp_attachment_metadata":null,"_wp_attachment_image_alt":null,"_yoast_wpseo_wordproof_timestamp":null,"yoast-structured-data-blocks-images-cache":null,"_yoast_wpseo_primary_category":null,"bloglo_disable_header":"","bloglo_disable_page_title":"","bloglo_disable_breadcrumbs":"","_yoast_wpseo_focuskw":"E-Zigaretten & Zubeh\u00f6r","_yoast_wpseo_metadesc":"Finde das beste E-Zigaretten Zubeh\u00f6r: Modelle, Verdampfer, Akkus, Ladeger\u00e4te und mehr. Tipps und Kaufberatung f\u00fcr das perfekte Dampferlebnis. Entdecke jetzt alles f\u00fcr deine E-Zigarette auf Ezigaretteratgeber.de.","_yoast_wpseo_linkdex":"43","_yoast_wpseo_content_score":"90","_yoast_wpseo_estimated-reading-time-minutes":"1","_yoast_wpseo_title":null,"yoast_head":"<!-- This site is optimized with the Yoast SEO plugin v27.4 - https:\/\/yoast.com\/product\/yoast-seo-wordpress\/ -->\n<title>E-Zigaretten &amp; Zubeh\u00f6r - E-Zigaretten Ratgeber<\/title>\n<meta name=\"description\" content=\"Finde das beste E-Zigaretten Zubeh\u00f6r: Modelle, Verdampfer, Akkus, Ladeger\u00e4te und mehr. Tipps und Kaufberatung f\u00fcr das perfekte Dampferlebnis. Entdecke jetzt alles f\u00fcr deine E-Zigarette auf Ezigaretteratgeber.de.\" \/>\n<meta name=\"robots\" content=\"index, follow, max-snippet:-1, max-image-preview:large, max-video-preview:-1\" \/>\n<link rel=\"canonical\" href=\"https:\/\/www.ezigaretteratgeber.de\/index.php\/e-zigaretten-zubehoer-geraete-verdampfer-akkus-mehr-ezigaretteratgeber-de\/\" \/>\n<meta property=\"og:locale\" content=\"de_DE\" \/>\n<meta property=\"og:type\" content=\"article\" \/>\n<meta property=\"og:title\" content=\"E-Zigaretten &amp; Zubeh\u00f6r - E-Zigaretten Ratgeber\" \/>\n<meta property=\"og:description\" content=\"Finde das beste E-Zigaretten Zubeh\u00f6r: Modelle, Verdampfer, Akkus, Ladeger\u00e4te und mehr. Tipps und Kaufberatung f\u00fcr das perfekte Dampferlebnis. Entdecke jetzt alles f\u00fcr deine E-Zigarette auf Ezigaretteratgeber.de.\" \/>\n<meta property=\"og:url\" content=\"https:\/\/www.ezigaretteratgeber.de\/index.php\/e-zigaretten-zubehoer-geraete-verdampfer-akkus-mehr-ezigaretteratgeber-de\/\" \/>\n<meta property=\"og:site_name\" content=\"E-Zigaretten Ratgeber\" \/>\n<meta property=\"article:modified_time\" content=\"2024-08-21T08:09:23+00:00\" \/>\n<meta name=\"twitter:card\" content=\"summary_large_image\" \/>\n<meta name=\"twitter:label1\" content=\"Gesch\u00e4tzte Lesezeit\" \/>\n\t<meta name=\"twitter:data1\" content=\"1\u00a0Minute\" \/>\n<script type=\"application\/ld+json\" class=\"yoast-schema-graph\">{\"@context\":\"https:\\\/\\\/schema.org\",\"@graph\":[{\"@type\":\"WebPage\",\"@id\":\"https:\\\/\\\/www.ezigaretteratgeber.de\\\/index.php\\\/e-zigaretten-zubehoer-geraete-verdampfer-akkus-mehr-ezigaretteratgeber-de\\\/\",\"url\":\"https:\\\/\\\/www.ezigaretteratgeber.de\\\/index.php\\\/e-zigaretten-zubehoer-geraete-verdampfer-akkus-mehr-ezigaretteratgeber-de\\\/\",\"name\":\"E-Zigaretten &amp; Zubeh\u00f6r - E-Zigaretten Ratgeber\",\"isPartOf\":{\"@id\":\"https:\\\/\\\/www.ezigaretteratgeber.de\\\/#website\"},\"datePublished\":\"2024-08-21T07:59:58+00:00\",\"dateModified\":\"2024-08-21T08:09:23+00:00\",\"description\":\"Finde das beste E-Zigaretten Zubeh\u00f6r: Modelle, Verdampfer, Akkus, Ladeger\u00e4te und mehr. Tipps und Kaufberatung f\u00fcr das perfekte Dampferlebnis. Entdecke jetzt alles f\u00fcr deine E-Zigarette auf Ezigaretteratgeber.de.\",\"breadcrumb\":{\"@id\":\"https:\\\/\\\/www.ezigaretteratgeber.de\\\/index.php\\\/e-zigaretten-zubehoer-geraete-verdampfer-akkus-mehr-ezigaretteratgeber-de\\\/#breadcrumb\"},\"inLanguage\":\"de\",\"potentialAction\":[{\"@type\":\"ReadAction\",\"target\":[\"https:\\\/\\\/www.ezigaretteratgeber.de\\\/index.php\\\/e-zigaretten-zubehoer-geraete-verdampfer-akkus-mehr-ezigaretteratgeber-de\\\/\"]}]},{\"@type\":\"BreadcrumbList\",\"@id\":\"https:\\\/\\\/www.ezigaretteratgeber.de\\\/index.php\\\/e-zigaretten-zubehoer-geraete-verdampfer-akkus-mehr-ezigaretteratgeber-de\\\/#breadcrumb\",\"itemListElement\":[{\"@type\":\"ListItem\",\"position\":1,\"name\":\"Startseite\",\"item\":\"https:\\\/\\\/www.ezigaretteratgeber.de\\\/\"},{\"@type\":\"ListItem\",\"position\":2,\"name\":\"E-Zigaretten &amp; Zubeh\u00f6r\"}]},{\"@type\":\"WebSite\",\"@id\":\"https:\\\/\\\/www.ezigaretteratgeber.de\\\/#website\",\"url\":\"https:\\\/\\\/www.ezigaretteratgeber.de\\\/\",\"name\":\"E-Zigaretten Ratgeber\",\"description\":\"Ihr umfassender Leitfaden zu E-Zigaretten, Verdampfern und Liquids\",\"publisher\":{\"@id\":\"https:\\\/\\\/www.ezigaretteratgeber.de\\\/#organization\"},\"potentialAction\":[{\"@type\":\"SearchAction\",\"target\":{\"@type\":\"EntryPoint\",\"urlTemplate\":\"https:\\\/\\\/www.ezigaretteratgeber.de\\\/?s={search_term_string}\"},\"query-input\":{\"@type\":\"PropertyValueSpecification\",\"valueRequired\":true,\"valueName\":\"search_term_string\"}}],\"inLanguage\":\"de\"},{\"@type\":\"Organization\",\"@id\":\"https:\\\/\\\/www.ezigaretteratgeber.de\\\/#organization\",\"name\":\"E-Zigaretten Ratgeber\",\"url\":\"https:\\\/\\\/www.ezigaretteratgeber.de\\\/\",\"logo\":{\"@type\":\"ImageObject\",\"inLanguage\":\"de\",\"@id\":\"https:\\\/\\\/www.ezigaretteratgeber.de\\\/#\\\/schema\\\/logo\\\/image\\\/\",\"url\":\"https:\\\/\\\/www.ezigaretteratgeber.de\\\/wp-content\\\/uploads\\\/2024\\\/07\\\/E-ZIGARETTE-RATGEBER-LOGO-1500x500-2.png\",\"contentUrl\":\"https:\\\/\\\/www.ezigaretteratgeber.de\\\/wp-content\\\/uploads\\\/2024\\\/07\\\/E-ZIGARETTE-RATGEBER-LOGO-1500x500-2.png\",\"width\":1500,\"height\":500,\"caption\":\"E-Zigaretten Ratgeber\"},\"image\":{\"@id\":\"https:\\\/\\\/www.ezigaretteratgeber.de\\\/#\\\/schema\\\/logo\\\/image\\\/\"}}]}<\/script>\n<!-- \/ Yoast SEO plugin. -->","yoast_head_json":{"title":"E-Zigaretten &amp; Zubeh\u00f6r - E-Zigaretten Ratgeber","description":"Finde das beste E-Zigaretten Zubeh\u00f6r: Modelle, Verdampfer, Akkus, Ladeger\u00e4te und mehr. Tipps und Kaufberatung f\u00fcr das perfekte Dampferlebnis. Entdecke jetzt alles f\u00fcr deine E-Zigarette auf Ezigaretteratgeber.de.","robots":{"index":"index","follow":"follow","max-snippet":"max-snippet:-1","max-image-preview":"max-image-preview:large","max-video-preview":"max-video-preview:-1"},"canonical":"https:\/\/www.ezigaretteratgeber.de\/index.php\/e-zigaretten-zubehoer-geraete-verdampfer-akkus-mehr-ezigaretteratgeber-de\/","og_locale":"de_DE","og_type":"article","og_title":"E-Zigaretten &amp; Zubeh\u00f6r - E-Zigaretten Ratgeber","og_description":"Finde das beste E-Zigaretten Zubeh\u00f6r: Modelle, Verdampfer, Akkus, Ladeger\u00e4te und mehr. Tipps und Kaufberatung f\u00fcr das perfekte Dampferlebnis. Entdecke jetzt alles f\u00fcr deine E-Zigarette auf Ezigaretteratgeber.de.","og_url":"https:\/\/www.ezigaretteratgeber.de\/index.php\/e-zigaretten-zubehoer-geraete-verdampfer-akkus-mehr-ezigaretteratgeber-de\/","og_site_name":"E-Zigaretten Ratgeber","article_modified_time":"2024-08-21T08:09:23+00:00","twitter_card":"summary_large_image","twitter_misc":{"Gesch\u00e4tzte Lesezeit":"1\u00a0Minute"},"schema":{"@context":"https:\/\/schema.org","@graph":[{"@type":"WebPage","@id":"https:\/\/www.ezigaretteratgeber.de\/index.php\/e-zigaretten-zubehoer-geraete-verdampfer-akkus-mehr-ezigaretteratgeber-de\/","url":"https:\/\/www.ezigaretteratgeber.de\/index.php\/e-zigaretten-zubehoer-geraete-verdampfer-akkus-mehr-ezigaretteratgeber-de\/","name":"E-Zigaretten &amp; Zubeh\u00f6r - E-Zigaretten Ratgeber","isPartOf":{"@id":"https:\/\/www.ezigaretteratgeber.de\/#website"},"datePublished":"2024-08-21T07:59:58+00:00","dateModified":"2024-08-21T08:09:23+00:00","description":"Finde das beste E-Zigaretten Zubeh\u00f6r: Modelle, Verdampfer, Akkus, Ladeger\u00e4te und mehr. Tipps und Kaufberatung f\u00fcr das perfekte Dampferlebnis. Entdecke jetzt alles f\u00fcr deine E-Zigarette auf Ezigaretteratgeber.de.","breadcrumb":{"@id":"https:\/\/www.ezigaretteratgeber.de\/index.php\/e-zigaretten-zubehoer-geraete-verdampfer-akkus-mehr-ezigaretteratgeber-de\/#breadcrumb"},"inLanguage":"de","potentialAction":[{"@type":"ReadAction","target":["https:\/\/www.ezigaretteratgeber.de\/index.php\/e-zigaretten-zubehoer-geraete-verdampfer-akkus-mehr-ezigaretteratgeber-de\/"]}]},{"@type":"BreadcrumbList","@id":"https:\/\/www.ezigaretteratgeber.de\/index.php\/e-zigaretten-zubehoer-geraete-verdampfer-akkus-mehr-ezigaretteratgeber-de\/#breadcrumb","itemListElement":[{"@type":"ListItem","position":1,"name":"Startseite","item":"https:\/\/www.ezigaretteratgeber.de\/"},{"@type":"ListItem","position":2,"name":"E-Zigaretten &amp; Zubeh\u00f6r"}]},{"@type":"WebSite","@id":"https:\/\/www.ezigaretteratgeber.de\/#website","url":"https:\/\/www.ezigaretteratgeber.de\/","name":"E-Zigaretten Ratgeber","description":"Ihr umfassender Leitfaden zu E-Zigaretten, Verdampfern und Liquids","publisher":{"@id":"https:\/\/www.ezigaretteratgeber.de\/#organization"},"potentialAction":[{"@type":"SearchAction","target":{"@type":"EntryPoint","urlTemplate":"https:\/\/www.ezigaretteratgeber.de\/?s={search_term_string}"},"query-input":{"@type":"PropertyValueSpecification","valueRequired":true,"valueName":"search_term_string"}}],"inLanguage":"de"},{"@type":"Organization","@id":"https:\/\/www.ezigaretteratgeber.de\/#organization","name":"E-Zigaretten Ratgeber","url":"https:\/\/www.ezigaretteratgeber.de\/","logo":{"@type":"ImageObject","inLanguage":"de","@id":"https:\/\/www.ezigaretteratgeber.de\/#\/schema\/logo\/image\/","url":"https:\/\/www.ezigaretteratgeber.de\/wp-content\/uploads\/2024\/07\/E-ZIGARETTE-RATGEBER-LOGO-1500x500-2.png","contentUrl":"https:\/\/www.ezigaretteratgeber.de\/wp-content\/uploads\/2024\/07\/E-ZIGARETTE-RATGEBER-LOGO-1500x500-2.png","width":1500,"height":500,"caption":"E-Zigaretten Ratgeber"},"image":{"@id":"https:\/\/www.ezigaretteratgeber.de\/#\/schema\/logo\/image\/"}}]}},"_links":{"self":[{"href":"https:\/\/www.ezigaretteratgeber.de\/index.php\/wp-json\/wp\/v2\/pages\/50","targetHints":{"allow":["GET"]}}],"collection":[{"href":"https:\/\/www.ezigaretteratgeber.de\/index.php\/wp-json\/wp\/v2\/pages"}],"about":[{"href":"https:\/\/www.ezigaretteratgeber.de\/index.php\/wp-json\/wp\/v2\/types\/page"}],"author":[{"embeddable":true,"href":"https:\/\/www.ezigaretteratgeber.de\/index.php\/wp-json\/wp\/v2\/users\/3"}],"replies":[{"embeddable":true,"href":"https:\/\/www.ezigaretteratgeber.de\/index.php\/wp-json\/wp\/v2\/comments?post=50"}],"version-history":[{"count":2,"href":"https:\/\/www.ezigaretteratgeber.de\/index.php\/wp-json\/wp\/v2\/pages\/50\/revisions"}],"predecessor-version":[{"id":55,"href":"https:\/\/www.ezigaretteratgeber.de\/index.php\/wp-json\/wp\/v2\/pages\/50\/revisions\/55"}],"wp:attachment":[{"href":"https:\/\/www.ezigaretteratgeber.de\/index.php\/wp-json\/wp\/v2\/media?parent=50"}],"curies":[{"name":"wp","href":"https:\/\/api.w.org\/{rel}","templated":true}]}}